{"id":10880,"date":"2023-03-07T15:21:56","date_gmt":"2023-03-07T15:21:56","guid":{"rendered":"https:\/\/magical-murdock.212-227-230-20.plesk.page\/politique-de-confidentialite\/"},"modified":"2023-03-16T09:44:29","modified_gmt":"2023-03-16T09:44:29","slug":"politique-de-confidentialite","status":"publish","type":"page","link":"https:\/\/magical-murdock.212-227-230-20.plesk.page\/fr\/politique-de-confidentialite\/","title":{"rendered":"Politique de confidentialit\u00e9"},"content":{"rendered":"<p>&nbsp;<\/p>\n<h2><a name=\"_Toc494962368\"><\/a>Politique de confidentialit\u00e9<\/h2>\n<p>&nbsp;<\/p>\n<p><strong>Introduction<\/strong><\/p>\n<p>La pr\u00e9sente politique de confidentialit\u00e9 a \u00e9t\u00e9 \u00e9labor\u00e9e en tenant compte des dispositions de la loi organique sur la protection des donn\u00e9es \u00e0 caract\u00e8re personnel en vigueur, ainsi que du r\u00e8glement 2016\/679 du Parlement europ\u00e9en et du Conseil du 27 avril 2016 relatif \u00e0 la protection des personnes physiques \u00e0 l&#8217;\u00e9gard du traitement des donn\u00e9es \u00e0 caract\u00e8re personnel et \u00e0 la circulation de ces donn\u00e9es, ci-apr\u00e8s le GDPR.<\/p>\n<p>La pr\u00e9sente politique de confidentialit\u00e9 a pour objet d&#8217;informer les propri\u00e9taires des donn\u00e9es \u00e0 caract\u00e8re personnel, pour lesquelles des informations sont collect\u00e9es, des aspects sp\u00e9cifiques li\u00e9s au traitement de leurs donn\u00e9es, y compris les finalit\u00e9s du traitement, les coordonn\u00e9es pour exercer leurs droits, les p\u00e9riodes de conservation des informations et les mesures de s\u00e9curit\u00e9, entre autres.<\/p>\n<p><strong>Contr\u00f4leur des donn\u00e9es<\/strong><\/p>\n<p>En termes de protection des donn\u00e9es, JULIO GIL AGUEDA E HIJOS, S.L. doit \u00eatre consid\u00e9r\u00e9 comme le contr\u00f4leur des donn\u00e9es, en ce qui concerne les fichiers\/traitements identifi\u00e9s dans cette politique, en particulier dans la section Traitement des donn\u00e9es.<\/p>\n<p>Voici les donn\u00e9es d&#8217;identification du propri\u00e9taire de ce site web :<\/p>\n<p>Contr\u00f4leur des donn\u00e9es : JULIO GIL AGUEDA E HIJOS, S.L.<\/p>\n<p>Adresse postale : Carretera ALCALA, KM, 10 -, 28814, DAGANZO, (Madrid).<\/p>\n<p>Adresse electr\u00f3nica:administracion@sembradorasgil.com<\/p>\n<p>&nbsp;<\/p>\n<p><strong>Traitement des donn\u00e9es<\/strong><\/p>\n<p>Les donn\u00e9es personnelles demand\u00e9es, le cas \u00e9ch\u00e9ant, se limitent \u00e0 celles qui sont strictement n\u00e9cessaires pour identifier et traiter la demande formul\u00e9e par le titulaire des donn\u00e9es, ci-apr\u00e8s d\u00e9nomm\u00e9 &#8220;l&#8217;int\u00e9ress\u00e9&#8221;. Ces informations sont trait\u00e9es de mani\u00e8re loyale, licite et transparente par rapport \u00e0 la personne concern\u00e9e. En outre, les donn\u00e9es \u00e0 caract\u00e8re personnel seront collect\u00e9es pour des finalit\u00e9s d\u00e9termin\u00e9es, explicites et l\u00e9gitimes et ne seront pas trait\u00e9es ult\u00e9rieurement d&#8217;une mani\u00e8re incompatible avec ces finalit\u00e9s.<\/p>\n<p>Les donn\u00e9es collect\u00e9es aupr\u00e8s de chaque personne concern\u00e9e sont ad\u00e9quates, pertinentes et non excessives au regard des finalit\u00e9s poursuivies dans chaque cas, et sont mises \u00e0 jour chaque fois que n\u00e9cessaire.<\/p>\n<p>La personne concern\u00e9e est inform\u00e9e, avant la collecte de ses donn\u00e9es, des points g\u00e9n\u00e9raux r\u00e9gis par la pr\u00e9sente politique afin qu&#8217;elle puisse donner son consentement expr\u00e8s, pr\u00e9cis et sans \u00e9quivoque au traitement de ses donn\u00e9es, conform\u00e9ment aux aspects suivants.<\/p>\n<p><em>Finalit\u00e9s du traitement. <\/em><\/p>\n<p>Les finalit\u00e9s explicites de chacun des traitements sont indiqu\u00e9es dans les clauses informatives incluses dans chacune des m\u00e9thodes de collecte des donn\u00e9es (formulaires web, formulaires papier, annonces ou affiches et notes d&#8217;information).<\/p>\n<p>Toutefois, les donn\u00e9es personnelles de la personne concern\u00e9e seront trait\u00e9es dans le seul but de lui fournir une r\u00e9ponse efficace et de r\u00e9pondre aux demandes formul\u00e9es par l&#8217;utilisateur, sp\u00e9cifi\u00e9es en fonction de l&#8217;option, du service, du formulaire ou du syst\u00e8me de collecte de donn\u00e9es utilis\u00e9 par le propri\u00e9taire.<\/p>\n<p><em>L\u00e9gitimation<\/em><\/p>\n<p>En r\u00e8gle g\u00e9n\u00e9rale, avant le traitement des donn\u00e9es personnelles, JULIO GIL AGUEDA E HIJOS, S.L. obtient le consentement expr\u00e8s et sans \u00e9quivoque du propri\u00e9taire des donn\u00e9es, en incorporant des clauses de consentement \u00e9clair\u00e9 dans les diff\u00e9rents syst\u00e8mes de collecte d&#8217;informations.<\/p>\n<p>&nbsp;<\/p>\n<p>Toutefois, dans le cas o\u00f9 le consentement de la personne concern\u00e9e n&#8217;est pas requis, la base l\u00e9gitime du traitement sur laquelle s&#8217;appuie JULIO GIL AGUEDA E HIJOS, S.L. est l&#8217;existence d&#8217;une loi ou d&#8217;une r\u00e9glementation sp\u00e9cifique autorisant ou imposant le traitement des donn\u00e9es de la personne concern\u00e9e.<\/p>\n<p>&nbsp;<\/p>\n<p><em>Destinataires<\/em><\/p>\n<p>En r\u00e8gle g\u00e9n\u00e9rale, JULIO GIL AGUEDA E HIJOS, S.L. ne c\u00e8de ni ne communique de donn\u00e9es \u00e0 des tiers, sauf dans les cas pr\u00e9vus par la loi. Cependant, si cela s&#8217;av\u00e8re n\u00e9cessaire, l&#8217;int\u00e9ress\u00e9 est inform\u00e9 de ces cessions ou communications de donn\u00e9es par le biais des clauses de consentement \u00e9clair\u00e9 contenues dans les diff\u00e9rents modes de collecte des donn\u00e9es personnelles.<\/p>\n<p>&nbsp;<\/p>\n<p><em>Source<\/em><\/p>\n<p>En r\u00e8gle g\u00e9n\u00e9rale, les donn\u00e9es \u00e0 caract\u00e8re personnel sont toujours collect\u00e9es directement aupr\u00e8s de la personne concern\u00e9e ; toutefois, dans certaines exceptions, les donn\u00e9es peuvent \u00eatre collect\u00e9es par l&#8217;interm\u00e9diaire de tiers, d&#8217;entit\u00e9s ou de services autres que la personne concern\u00e9e. \u00c0 cet \u00e9gard, cette information sera communiqu\u00e9e \u00e0 la personne concern\u00e9e par le biais des clauses de consentement \u00e9clair\u00e9 contenues dans les diff\u00e9rents canaux de collecte d&#8217;informations et dans un d\u00e9lai raisonnable, une fois les donn\u00e9es obtenues, et au plus tard dans un d\u00e9lai d&#8217;un mois.<\/p>\n<p>&nbsp;<\/p>\n<p><em>P\u00e9riodes de conservation<\/em><\/p>\n<p>Les informations collect\u00e9es aupr\u00e8s de la personne concern\u00e9e seront conserv\u00e9es aussi longtemps que n\u00e9cessaire pour atteindre l&#8217;objectif pour lequel les donn\u00e9es personnelles ont \u00e9t\u00e9 collect\u00e9es, de sorte que, une fois l&#8217;objectif atteint, les donn\u00e9es seront supprim\u00e9es. Cette annulation entra\u00eenera le blocage des donn\u00e9es, qui seront uniquement conserv\u00e9es \u00e0 la disposition des administrations publiques, des juges et des tribunaux, afin de r\u00e9pondre \u00e0 d&#8217;\u00e9ventuelles responsabilit\u00e9s d\u00e9coulant du traitement, pendant la p\u00e9riode de prescription de ce dernier, apr\u00e8s quoi les informations seront d\u00e9truites.<\/p>\n<p>\u00c0 titre d&#8217;information, les d\u00e9lais l\u00e9gaux pour la conservation des informations relatives \u00e0 diff\u00e9rentes mati\u00e8res sont indiqu\u00e9s ci-dessous :<\/p>\n<p>&nbsp;<\/p>\n<table width=\"100%\">\n<tbody>\n<tr>\n<td width=\"200\">DOCUMENT<\/td>\n<td width=\"75\">DATE LIMITE<\/td>\n<td width=\"293\">REF. JURIDIQUE<\/td>\n<\/tr>\n<tr>\n<td width=\"200\">Documents relatifs \u00e0 l&#8217;emploi ou \u00e0 la s\u00e9curit\u00e9 sociale<\/td>\n<td width=\"75\">4 ans<\/td>\n<td width=\"293\">Article 21 du d\u00e9cret l\u00e9gislatif royal 5\/2000, du 4 ao\u00fbt, approuvant le texte r\u00e9vis\u00e9 de la loi sur les d\u00e9lits et les peines dans l&#8217;ordre social.<\/td>\n<\/tr>\n<tr>\n<td width=\"200\">Documentation comptable et fiscale \u00e0 des fins commerciales<\/td>\n<td width=\"75\">6 ans<\/td>\n<td width=\"293\">Art. 30 du code de commerce<\/td>\n<\/tr>\n<tr>\n<td width=\"200\">Documentation comptable et fiscale \u00e0 des fins fiscales<\/td>\n<td width=\"75\">4 ans<\/td>\n<td width=\"293\">Articles 66 \u00e0 70 de la loi fiscale g\u00e9n\u00e9rale<\/td>\n<\/tr>\n<tr>\n<td width=\"200\">Contr\u00f4le d&#8217;acc\u00e8s aux b\u00e2timents<\/td>\n<td width=\"75\">1 mois<\/td>\n<td width=\"293\">Conseils sur l&#8217;utilisation des cam\u00e9ras vid\u00e9o \u00e0 des fins de s\u00e9curit\u00e9 et autres par l&#8217;AEPD<\/td>\n<\/tr>\n<tr>\n<td width=\"200\">Vid\u00e9osurveillance<\/td>\n<td width=\"75\">1 mois<\/td>\n<td width=\"293\">Conseils sur l&#8217;utilisation des cam\u00e9ras vid\u00e9o \u00e0 des fins de s\u00e9curit\u00e9 et autres par l&#8217;AEPD<\/p>\n<p>Loi organique 4\/1997 du 4 ao\u00fbt 1997, qui r\u00e9glemente l&#8217;utilisation de cam\u00e9ras vid\u00e9o par les forces de s\u00e9curit\u00e9 dans les lieux publics.<\/p>\n<p>Loi organique 4\/2015 du 30 mars 2015 relative \u00e0 la protection de la s\u00e9curit\u00e9 des citoyens<\/td>\n<\/tr>\n<\/tbody>\n<\/table>\n<p>&nbsp;<\/p>\n<p>&nbsp;<\/p>\n<p>&nbsp;<\/p>\n<p><strong>Donn\u00e9es de navigation.<\/strong><\/p>\n<p>En ce qui concerne les donn\u00e9es de navigation qui peuvent \u00eatre trait\u00e9es \u00e0 travers le site web, dans le cas o\u00f9 des donn\u00e9es soumises \u00e0 la r\u00e9glementation sont collect\u00e9es, nous vous recommandons de consulter la Politique en mati\u00e8re de cookies publi\u00e9e sur notre site web.<\/p>\n<p><strong>Droits des personnes concern\u00e9es.<\/strong><\/p>\n<p>La r\u00e9glementation en mati\u00e8re de protection des donn\u00e9es accorde une s\u00e9rie de droits aux personnes concern\u00e9es ou aux propri\u00e9taires des donn\u00e9es, aux utilisateurs du site Web ou aux utilisateurs des profils des r\u00e9seaux sociaux de JULIO GIL AGUEDA E HIJOS, S.L..<\/p>\n<p>Les droits des personnes concern\u00e9es sont les suivants :<\/p>\n<ul>\n<li>Droit d&#8217;acc\u00e8s : droit d&#8217;obtenir des informations sur le traitement de ses propres donn\u00e9es, la finalit\u00e9 du traitement effectu\u00e9, les cat\u00e9gories de donn\u00e9es trait\u00e9es, les destinataires ou cat\u00e9gories de destinataires, la dur\u00e9e de conservation et l&#8217;origine des donn\u00e9es.<\/li>\n<\/ul>\n<p>&nbsp;<\/p>\n<ul>\n<li>Droit de rectification : droit d&#8217;obtenir la rectification de donn\u00e9es \u00e0 caract\u00e8re personnel inexactes ou incompl\u00e8tes.<\/li>\n<\/ul>\n<p>&nbsp;<\/p>\n<ul>\n<li>Droit d&#8217;effacement : le droit d&#8217;obtenir l&#8217;effacement des donn\u00e9es dans les cas suivants :\n<ul>\n<li>Lorsque les donn\u00e9es ne sont plus n\u00e9cessaires aux fins pour lesquelles elles ont \u00e9t\u00e9 collect\u00e9es<\/li>\n<li>Lorsque le consentement est retir\u00e9 par le titulaire du consentement<\/li>\n<li>Lorsque la personne concern\u00e9e s&#8217;oppose au traitement<\/li>\n<li>Lorsqu&#8217;elles doivent \u00eatre supprim\u00e9es en vertu d&#8217;une obligation l\u00e9gale<\/li>\n<li>Lorsque les donn\u00e9es ont \u00e9t\u00e9 obtenues en vertu d&#8217;un service de la soci\u00e9t\u00e9 de l&#8217;information sur la base de l&#8217;article 8, paragraphe 1, du r\u00e8glement europ\u00e9en sur la protection des donn\u00e9es.<\/li>\n<\/ul>\n<\/li>\n<\/ul>\n<p>&nbsp;<\/p>\n<ul>\n<li>Droit d&#8217;opposition : droit de s&#8217;opposer \u00e0 un traitement particulier fond\u00e9 sur le consentement de la personne concern\u00e9e.<\/li>\n<\/ul>\n<p>&nbsp;<\/p>\n<ul>\n<li>Droit de limitation : le droit d&#8217;obtenir la limitation du traitement des donn\u00e9es lorsque l&#8217;un des \u00e9v\u00e9nements suivants se produit :\n<ul>\n<li>Lorsque la personne concern\u00e9e conteste l&#8217;exactitude des donn\u00e9es \u00e0 caract\u00e8re personnel, pendant une p\u00e9riode permettant \u00e0 l&#8217;entreprise de v\u00e9rifier l&#8217;exactitude des donn\u00e9es.<\/li>\n<li>Lorsque le traitement est illicite et que la personne concern\u00e9e s&#8217;oppose \u00e0 l&#8217;effacement des donn\u00e9es.<\/li>\n<li>Lorsque l&#8217;entreprise n&#8217;a plus besoin des donn\u00e9es aux fins pour lesquelles elles ont \u00e9t\u00e9 collect\u00e9es, mais que la personne concern\u00e9e en a besoin pour la formulation, l&#8217;exercice ou la d\u00e9fense de r\u00e9clamations.<\/li>\n<li>Lorsque la personne concern\u00e9e s&#8217;est oppos\u00e9e au traitement pendant qu&#8217;il est v\u00e9rifi\u00e9 si les motifs l\u00e9gitimes de l&#8217;entreprise l&#8217;emportent sur ceux de la personne concern\u00e9e.<\/li>\n<\/ul>\n<\/li>\n<\/ul>\n<p>&nbsp;<\/p>\n<ul>\n<li>Droit \u00e0 la portabilit\u00e9 : le droit d&#8217;obtenir les donn\u00e9es dans un format structur\u00e9, couramment utilis\u00e9 et lisible par machine, et de les transmettre \u00e0 un autre responsable du traitement lorsque :\n<ul>\n<li>Le traitement est fond\u00e9 sur le consentement<\/li>\n<li>Le traitement est effectu\u00e9 par des moyens automatis\u00e9s<\/li>\n<\/ul>\n<\/li>\n<\/ul>\n<p>&nbsp;<\/p>\n<ul>\n<li>Droit de d\u00e9poser une plainte aupr\u00e8s de l&#8217;autorit\u00e9 de contr\u00f4le comp\u00e9tente<\/li>\n<\/ul>\n<p>Les personnes int\u00e9ress\u00e9es peuvent exercer les droits susmentionn\u00e9s en contactant JULIO GIL AGUEDA E HIJOS, S.L. en \u00e9crivant \u00e0 l&#8217;adresse suivante direcci\u00f3n:administracion@sembradorasgil.com en indiquant dans l&#8217;objet du courrier le droit que vous souhaitez exercer.<\/p>\n<p>En ce sens, JULIO GIL AGUEDA E HIJOS, S.L. r\u00e9pondra \u00e0 votre demande dans les meilleurs d\u00e9lais et en tenant compte des d\u00e9lais fix\u00e9s dans la r\u00e9glementation relative \u00e0 la protection des donn\u00e9es.<\/p>\n<p><strong>S\u00e9curit\u00e9<\/strong><\/p>\n<p>Les mesures de s\u00e9curit\u00e9 adopt\u00e9es par JULIO GIL AGUEDA E HIJOS, S.L. sont celles requises, conform\u00e9ment aux dispositions de l&#8217;article 32 du RGPD. \u00c0 cet \u00e9gard, JULIO GIL AGUEDA E HIJOS, S.L. compte tenu de l&#8217;\u00e9tat de la technique, des co\u00fbts de mise en \u0153uvre et de la nature, de la port\u00e9e, du contexte et des finalit\u00e9s du traitement, ainsi que des risques de probabilit\u00e9 et de gravit\u00e9 variables pour les droits et libert\u00e9s des personnes physiques, a mis en place les mesures techniques et organisationnelles appropri\u00e9es pour garantir un niveau de s\u00e9curit\u00e9 adapt\u00e9 au risque existant.<\/p>\n<p>En tout \u00e9tat de cause, JULIO GIL AGUEDA E HIJOS, S.L. a mis en place des m\u00e9canismes suffisants pour :<\/p>\n<ol>\n<li>Garantir la confidentialit\u00e9, l&#8217;int\u00e9grit\u00e9, la disponibilit\u00e9 et la r\u00e9silience des syst\u00e8mes et services de traitement.<\/li>\n<li>R\u00e9tablir rapidement la disponibilit\u00e9 et l&#8217;acc\u00e8s aux donn\u00e9es \u00e0 caract\u00e8re personnel en cas d&#8217;incident physique ou technique.<\/li>\n<li>V\u00e9rifier, \u00e9valuer et appr\u00e9cier r\u00e9guli\u00e8rement l&#8217;efficacit\u00e9 des mesures techniques et organisationnelles mises en \u0153uvre pour assurer la s\u00e9curit\u00e9 du traitement.<\/li>\n<li>Pseudonymiser et crypter les donn\u00e9es \u00e0 caract\u00e8re personnel, le cas \u00e9ch\u00e9ant.<\/li>\n<\/ol>\n<p>&nbsp;<\/p>\n","protected":false},"excerpt":{"rendered":"<p>&nbsp; Politique de confidentialit\u00e9 &nbsp; Introduction La pr\u00e9sente politique de&hellip;<\/p>\n","protected":false},"author":1,"featured_media":0,"parent":0,"menu_order":0,"comment_status":"closed","ping_status":"closed","template":"","meta":{"inline_featured_image":false,"footnotes":""},"class_list":["post-10880","page","type-page","status-publish","hentry","description-off"],"acf":[],"yoast_head":"<!-- This site is optimized with the Yoast SEO plugin v20.3 - https:\/\/yoast.com\/wordpress\/plugins\/seo\/ -->\n<title>Politique de confidentialit\u00e9 - Sembradoras Gil<\/title>\n<meta name=\"robots\" content=\"index, follow, max-snippet:-1, max-image-preview:large, max-video-preview:-1\" \/>\n<link rel=\"canonical\" href=\"https:\/\/magical-murdock.212-227-230-20.plesk.page\/fr\/politique-de-confidentialite\/\" \/>\n<meta property=\"og:locale\" content=\"fr_FR\" \/>\n<meta property=\"og:type\" content=\"article\" \/>\n<meta property=\"og:title\" content=\"Politique de confidentialit\u00e9 - Sembradoras Gil\" \/>\n<meta property=\"og:description\" content=\"&nbsp; Politique de confidentialit\u00e9 &nbsp; Introduction La pr\u00e9sente politique de&hellip;\" \/>\n<meta property=\"og:url\" content=\"https:\/\/magical-murdock.212-227-230-20.plesk.page\/fr\/politique-de-confidentialite\/\" \/>\n<meta property=\"og:site_name\" content=\"Sembradoras Gil\" \/>\n<meta property=\"article:publisher\" content=\"https:\/\/www.facebook.com\/pages\/Sembradoras-Gil\/188446341205268?ref=hl\" \/>\n<meta property=\"article:modified_time\" content=\"2023-03-16T09:44:29+00:00\" \/>\n<meta property=\"og:image\" content=\"https:\/\/magical-murdock.212-227-230-20.plesk.page\/wp-content\/uploads\/2022\/09\/sembradoras-gil-home.jpg\" \/>\n\t<meta property=\"og:image:width\" content=\"2200\" \/>\n\t<meta property=\"og:image:height\" content=\"848\" \/>\n\t<meta property=\"og:image:type\" content=\"image\/jpeg\" \/>\n<meta name=\"twitter:card\" content=\"summary_large_image\" \/>\n<meta name=\"twitter:site\" content=\"@sembradorasgil\" \/>\n<meta name=\"twitter:label1\" content=\"Dur\u00e9e de lecture estim\u00e9e\" \/>\n\t<meta name=\"twitter:data1\" content=\"8 minutes\" \/>\n<script type=\"application\/ld+json\" class=\"yoast-schema-graph\">{\"@context\":\"https:\/\/schema.org\",\"@graph\":[{\"@type\":\"WebPage\",\"@id\":\"https:\/\/magical-murdock.212-227-230-20.plesk.page\/fr\/politique-de-confidentialite\/\",\"url\":\"https:\/\/magical-murdock.212-227-230-20.plesk.page\/fr\/politique-de-confidentialite\/\",\"name\":\"Politique de confidentialit\u00e9 - Sembradoras Gil\",\"isPartOf\":{\"@id\":\"https:\/\/magical-murdock.212-227-230-20.plesk.page\/fr\/#website\"},\"datePublished\":\"2023-03-07T15:21:56+00:00\",\"dateModified\":\"2023-03-16T09:44:29+00:00\",\"breadcrumb\":{\"@id\":\"https:\/\/magical-murdock.212-227-230-20.plesk.page\/fr\/politique-de-confidentialite\/#breadcrumb\"},\"inLanguage\":\"fr-FR\",\"potentialAction\":[{\"@type\":\"ReadAction\",\"target\":[\"https:\/\/magical-murdock.212-227-230-20.plesk.page\/fr\/politique-de-confidentialite\/\"]}]},{\"@type\":\"BreadcrumbList\",\"@id\":\"https:\/\/magical-murdock.212-227-230-20.plesk.page\/fr\/politique-de-confidentialite\/#breadcrumb\",\"itemListElement\":[{\"@type\":\"ListItem\",\"position\":1,\"name\":\"Portada\",\"item\":\"https:\/\/magical-murdock.212-227-230-20.plesk.page\/fr\/accueil\/\"},{\"@type\":\"ListItem\",\"position\":2,\"name\":\"Politique de confidentialit\u00e9\"}]},{\"@type\":\"WebSite\",\"@id\":\"https:\/\/magical-murdock.212-227-230-20.plesk.page\/fr\/#website\",\"url\":\"https:\/\/magical-murdock.212-227-230-20.plesk.page\/fr\/\",\"name\":\"Sembradoras Gil\",\"description\":\"\",\"publisher\":{\"@id\":\"https:\/\/magical-murdock.212-227-230-20.plesk.page\/fr\/#organization\"},\"potentialAction\":[{\"@type\":\"SearchAction\",\"target\":{\"@type\":\"EntryPoint\",\"urlTemplate\":\"https:\/\/magical-murdock.212-227-230-20.plesk.page\/fr\/?s={search_term_string}\"},\"query-input\":\"required name=search_term_string\"}],\"inLanguage\":\"fr-FR\"},{\"@type\":\"Organization\",\"@id\":\"https:\/\/magical-murdock.212-227-230-20.plesk.page\/fr\/#organization\",\"name\":\"Sembradoras Gil\",\"url\":\"https:\/\/magical-murdock.212-227-230-20.plesk.page\/fr\/\",\"logo\":{\"@type\":\"ImageObject\",\"inLanguage\":\"fr-FR\",\"@id\":\"https:\/\/magical-murdock.212-227-230-20.plesk.page\/fr\/#\/schema\/logo\/image\/\",\"url\":\"https:\/\/magical-murdock.212-227-230-20.plesk.page\/wp-content\/uploads\/2022\/07\/GIL.svg\",\"contentUrl\":\"https:\/\/magical-murdock.212-227-230-20.plesk.page\/wp-content\/uploads\/2022\/07\/GIL.svg\",\"width\":152,\"height\":56,\"caption\":\"Sembradoras Gil\"},\"image\":{\"@id\":\"https:\/\/magical-murdock.212-227-230-20.plesk.page\/fr\/#\/schema\/logo\/image\/\"},\"sameAs\":[\"https:\/\/www.facebook.com\/pages\/Sembradoras-Gil\/188446341205268?ref=hl\",\"https:\/\/twitter.com\/sembradorasgil\",\"https:\/\/www.youtube.com\/user\/sembradorasgil\/videos\"]}]}<\/script>\n<!-- \/ Yoast SEO plugin. -->","yoast_head_json":{"title":"Politique de confidentialit\u00e9 - Sembradoras Gil","robots":{"index":"index","follow":"follow","max-snippet":"max-snippet:-1","max-image-preview":"max-image-preview:large","max-video-preview":"max-video-preview:-1"},"canonical":"https:\/\/magical-murdock.212-227-230-20.plesk.page\/fr\/politique-de-confidentialite\/","og_locale":"fr_FR","og_type":"article","og_title":"Politique de confidentialit\u00e9 - Sembradoras Gil","og_description":"&nbsp; Politique de confidentialit\u00e9 &nbsp; Introduction La pr\u00e9sente politique de&hellip;","og_url":"https:\/\/magical-murdock.212-227-230-20.plesk.page\/fr\/politique-de-confidentialite\/","og_site_name":"Sembradoras Gil","article_publisher":"https:\/\/www.facebook.com\/pages\/Sembradoras-Gil\/188446341205268?ref=hl","article_modified_time":"2023-03-16T09:44:29+00:00","og_image":[{"width":2200,"height":848,"url":"https:\/\/magical-murdock.212-227-230-20.plesk.page\/wp-content\/uploads\/2022\/09\/sembradoras-gil-home.jpg","type":"image\/jpeg"}],"twitter_card":"summary_large_image","twitter_site":"@sembradorasgil","twitter_misc":{"Dur\u00e9e de lecture estim\u00e9e":"8 minutes"},"schema":{"@context":"https:\/\/schema.org","@graph":[{"@type":"WebPage","@id":"https:\/\/magical-murdock.212-227-230-20.plesk.page\/fr\/politique-de-confidentialite\/","url":"https:\/\/magical-murdock.212-227-230-20.plesk.page\/fr\/politique-de-confidentialite\/","name":"Politique de confidentialit\u00e9 - Sembradoras Gil","isPartOf":{"@id":"https:\/\/magical-murdock.212-227-230-20.plesk.page\/fr\/#website"},"datePublished":"2023-03-07T15:21:56+00:00","dateModified":"2023-03-16T09:44:29+00:00","breadcrumb":{"@id":"https:\/\/magical-murdock.212-227-230-20.plesk.page\/fr\/politique-de-confidentialite\/#breadcrumb"},"inLanguage":"fr-FR","potentialAction":[{"@type":"ReadAction","target":["https:\/\/magical-murdock.212-227-230-20.plesk.page\/fr\/politique-de-confidentialite\/"]}]},{"@type":"BreadcrumbList","@id":"https:\/\/magical-murdock.212-227-230-20.plesk.page\/fr\/politique-de-confidentialite\/#breadcrumb","itemListElement":[{"@type":"ListItem","position":1,"name":"Portada","item":"https:\/\/magical-murdock.212-227-230-20.plesk.page\/fr\/accueil\/"},{"@type":"ListItem","position":2,"name":"Politique de confidentialit\u00e9"}]},{"@type":"WebSite","@id":"https:\/\/magical-murdock.212-227-230-20.plesk.page\/fr\/#website","url":"https:\/\/magical-murdock.212-227-230-20.plesk.page\/fr\/","name":"Sembradoras Gil","description":"","publisher":{"@id":"https:\/\/magical-murdock.212-227-230-20.plesk.page\/fr\/#organization"},"potentialAction":[{"@type":"SearchAction","target":{"@type":"EntryPoint","urlTemplate":"https:\/\/magical-murdock.212-227-230-20.plesk.page\/fr\/?s={search_term_string}"},"query-input":"required name=search_term_string"}],"inLanguage":"fr-FR"},{"@type":"Organization","@id":"https:\/\/magical-murdock.212-227-230-20.plesk.page\/fr\/#organization","name":"Sembradoras Gil","url":"https:\/\/magical-murdock.212-227-230-20.plesk.page\/fr\/","logo":{"@type":"ImageObject","inLanguage":"fr-FR","@id":"https:\/\/magical-murdock.212-227-230-20.plesk.page\/fr\/#\/schema\/logo\/image\/","url":"https:\/\/magical-murdock.212-227-230-20.plesk.page\/wp-content\/uploads\/2022\/07\/GIL.svg","contentUrl":"https:\/\/magical-murdock.212-227-230-20.plesk.page\/wp-content\/uploads\/2022\/07\/GIL.svg","width":152,"height":56,"caption":"Sembradoras Gil"},"image":{"@id":"https:\/\/magical-murdock.212-227-230-20.plesk.page\/fr\/#\/schema\/logo\/image\/"},"sameAs":["https:\/\/www.facebook.com\/pages\/Sembradoras-Gil\/188446341205268?ref=hl","https:\/\/twitter.com\/sembradorasgil","https:\/\/www.youtube.com\/user\/sembradorasgil\/videos"]}]}},"_links":{"self":[{"href":"https:\/\/magical-murdock.212-227-230-20.plesk.page\/fr\/wp-json\/wp\/v2\/pages\/10880","targetHints":{"allow":["GET"]}}],"collection":[{"href":"https:\/\/magical-murdock.212-227-230-20.plesk.page\/fr\/wp-json\/wp\/v2\/pages"}],"about":[{"href":"https:\/\/magical-murdock.212-227-230-20.plesk.page\/fr\/wp-json\/wp\/v2\/types\/page"}],"author":[{"embeddable":true,"href":"https:\/\/magical-murdock.212-227-230-20.plesk.page\/fr\/wp-json\/wp\/v2\/users\/1"}],"replies":[{"embeddable":true,"href":"https:\/\/magical-murdock.212-227-230-20.plesk.page\/fr\/wp-json\/wp\/v2\/comments?post=10880"}],"version-history":[{"count":1,"href":"https:\/\/magical-murdock.212-227-230-20.plesk.page\/fr\/wp-json\/wp\/v2\/pages\/10880\/revisions"}],"predecessor-version":[{"id":11787,"href":"https:\/\/magical-murdock.212-227-230-20.plesk.page\/fr\/wp-json\/wp\/v2\/pages\/10880\/revisions\/11787"}],"wp:attachment":[{"href":"https:\/\/magical-murdock.212-227-230-20.plesk.page\/fr\/wp-json\/wp\/v2\/media?parent=10880"}],"curies":[{"name":"wp","href":"https:\/\/api.w.org\/{rel}","templated":true}]}}