{"id":10875,"date":"2023-03-07T09:33:22","date_gmt":"2023-03-07T09:33:22","guid":{"rendered":"https:\/\/magical-murdock.212-227-230-20.plesk.page\/avis-juridique\/"},"modified":"2023-03-16T09:44:15","modified_gmt":"2023-03-16T09:44:15","slug":"avis-juridique","status":"publish","type":"page","link":"https:\/\/magical-murdock.212-227-230-20.plesk.page\/fr\/avis-juridique\/","title":{"rendered":"Avis juridique"},"content":{"rendered":"<p>&nbsp;<\/p>\n<h2><a name=\"_Toc494962370\"><\/a>Avis juridique<\/h2>\n<p><strong>Informations g\u00e9n\u00e9rales<\/strong><\/p>\n<p>Le propri\u00e9taire du site web www.sembradorasgil.com est JULIO GIL AGUEDA E HIJOS, S.L. avec NIF B28557783 et adresse \u00e0 Calle Carretera ALCALA, KM, 10 -, 28814, DAGANZO, (Madrid). L&#8217;entit\u00e9 est inscrite au registre du commerce avec les donn\u00e9es d&#8217;enregistrement suivantes : .<\/p>\n<p>Dans le but d&#8217;assurer que l&#8217;utilisation du site web respecte les crit\u00e8res de transparence, de clart\u00e9 et de simplicit\u00e9, JULIO GIL AGUEDA E HIJOS, S.L. informe l&#8217;utilisateur que toute suggestion, doute ou question concernant cet avis l\u00e9gal ou tout autre document informatif du site web sera re\u00e7u et r\u00e9solu en contactant JULIO GIL AGUEDA E HIJOS, S.L. \u00e0 travers l&#8217;adresse \u00e9lectronique suivante : administracion@sembradorasgil.com<\/p>\n<p>&nbsp;<\/p>\n<p><strong> Propri\u00e9t\u00e9 intellectuelle<\/strong><\/p>\n<p>Tous les contenus figurant sur ce site web, en particulier les dessins, les textes, les images, les logos, les ic\u00f4nes, les noms commerciaux, les marques ou toute autre information susceptible d&#8217;\u00eatre utilis\u00e9e \u00e0 des fins industrielles et\/ou commerciales sont prot\u00e9g\u00e9s par les droits d&#8217;auteur correspondants, et leur reproduction, leur transmission ou l&#8217;enregistrement de l&#8217;information ne sont pas autoris\u00e9s sans l&#8217;autorisation pr\u00e9alable du propri\u00e9taire, JULIO GIL AGUEDA E HIJOS, S.L. . Toutefois, l&#8217;utilisateur pourra utiliser les informations fournies pour g\u00e9rer sa commande et les coordonn\u00e9es correspondantes.<\/p>\n<p><strong>Liens<\/strong><\/p>\n<p>JULIO GIL AGUEDA E HIJOS, S.L. n&#8217;assume aucune responsabilit\u00e9 quant aux liens vers d&#8217;autres sites ou pages web qui, le cas \u00e9ch\u00e9ant, peuvent \u00eatre inclus dans le m\u00eame, car elle n&#8217;a aucun contr\u00f4le sur eux, de sorte que l&#8217;utilisateur acc\u00e8de sous sa propre responsabilit\u00e9 au contenu et aux conditions d&#8217;utilisation qui les r\u00e9gissent.<\/p>\n","protected":false},"excerpt":{"rendered":"<p>&nbsp; Avis juridique Informations g\u00e9n\u00e9rales Le propri\u00e9taire du site web&hellip;<\/p>\n","protected":false},"author":1,"featured_media":0,"parent":0,"menu_order":0,"comment_status":"closed","ping_status":"closed","template":"","meta":{"inline_featured_image":false,"footnotes":""},"class_list":["post-10875","page","type-page","status-publish","hentry","description-off"],"acf":[],"yoast_head":"<!-- This site is optimized with the Yoast SEO plugin v20.3 - https:\/\/yoast.com\/wordpress\/plugins\/seo\/ -->\n<title>Avis juridique - Sembradoras Gil<\/title>\n<meta name=\"robots\" content=\"index, follow, max-snippet:-1, max-image-preview:large, max-video-preview:-1\" \/>\n<link rel=\"canonical\" href=\"https:\/\/magical-murdock.212-227-230-20.plesk.page\/fr\/avis-juridique\/\" \/>\n<meta property=\"og:locale\" content=\"fr_FR\" \/>\n<meta property=\"og:type\" content=\"article\" \/>\n<meta property=\"og:title\" content=\"Avis juridique - Sembradoras Gil\" \/>\n<meta property=\"og:description\" content=\"&nbsp; Avis juridique Informations g\u00e9n\u00e9rales Le propri\u00e9taire du site web&hellip;\" \/>\n<meta property=\"og:url\" content=\"https:\/\/magical-murdock.212-227-230-20.plesk.page\/fr\/avis-juridique\/\" \/>\n<meta property=\"og:site_name\" content=\"Sembradoras Gil\" \/>\n<meta property=\"article:publisher\" content=\"https:\/\/www.facebook.com\/pages\/Sembradoras-Gil\/188446341205268?ref=hl\" \/>\n<meta property=\"article:modified_time\" content=\"2023-03-16T09:44:15+00:00\" \/>\n<meta property=\"og:image\" content=\"https:\/\/magical-murdock.212-227-230-20.plesk.page\/wp-content\/uploads\/2022\/09\/sembradoras-gil-home.jpg\" \/>\n\t<meta property=\"og:image:width\" content=\"2200\" \/>\n\t<meta property=\"og:image:height\" content=\"848\" \/>\n\t<meta property=\"og:image:type\" content=\"image\/jpeg\" \/>\n<meta name=\"twitter:card\" content=\"summary_large_image\" \/>\n<meta name=\"twitter:site\" content=\"@sembradorasgil\" \/>\n<meta name=\"twitter:label1\" content=\"Dur\u00e9e de lecture estim\u00e9e\" \/>\n\t<meta name=\"twitter:data1\" content=\"2 minutes\" \/>\n<script type=\"application\/ld+json\" class=\"yoast-schema-graph\">{\"@context\":\"https:\/\/schema.org\",\"@graph\":[{\"@type\":\"WebPage\",\"@id\":\"https:\/\/magical-murdock.212-227-230-20.plesk.page\/fr\/avis-juridique\/\",\"url\":\"https:\/\/magical-murdock.212-227-230-20.plesk.page\/fr\/avis-juridique\/\",\"name\":\"Avis juridique - Sembradoras Gil\",\"isPartOf\":{\"@id\":\"https:\/\/magical-murdock.212-227-230-20.plesk.page\/fr\/#website\"},\"datePublished\":\"2023-03-07T09:33:22+00:00\",\"dateModified\":\"2023-03-16T09:44:15+00:00\",\"breadcrumb\":{\"@id\":\"https:\/\/magical-murdock.212-227-230-20.plesk.page\/fr\/avis-juridique\/#breadcrumb\"},\"inLanguage\":\"fr-FR\",\"potentialAction\":[{\"@type\":\"ReadAction\",\"target\":[\"https:\/\/magical-murdock.212-227-230-20.plesk.page\/fr\/avis-juridique\/\"]}]},{\"@type\":\"BreadcrumbList\",\"@id\":\"https:\/\/magical-murdock.212-227-230-20.plesk.page\/fr\/avis-juridique\/#breadcrumb\",\"itemListElement\":[{\"@type\":\"ListItem\",\"position\":1,\"name\":\"Portada\",\"item\":\"https:\/\/magical-murdock.212-227-230-20.plesk.page\/fr\/accueil\/\"},{\"@type\":\"ListItem\",\"position\":2,\"name\":\"Avis juridique\"}]},{\"@type\":\"WebSite\",\"@id\":\"https:\/\/magical-murdock.212-227-230-20.plesk.page\/fr\/#website\",\"url\":\"https:\/\/magical-murdock.212-227-230-20.plesk.page\/fr\/\",\"name\":\"Sembradoras Gil\",\"description\":\"\",\"publisher\":{\"@id\":\"https:\/\/magical-murdock.212-227-230-20.plesk.page\/fr\/#organization\"},\"potentialAction\":[{\"@type\":\"SearchAction\",\"target\":{\"@type\":\"EntryPoint\",\"urlTemplate\":\"https:\/\/magical-murdock.212-227-230-20.plesk.page\/fr\/?s={search_term_string}\"},\"query-input\":\"required name=search_term_string\"}],\"inLanguage\":\"fr-FR\"},{\"@type\":\"Organization\",\"@id\":\"https:\/\/magical-murdock.212-227-230-20.plesk.page\/fr\/#organization\",\"name\":\"Sembradoras Gil\",\"url\":\"https:\/\/magical-murdock.212-227-230-20.plesk.page\/fr\/\",\"logo\":{\"@type\":\"ImageObject\",\"inLanguage\":\"fr-FR\",\"@id\":\"https:\/\/magical-murdock.212-227-230-20.plesk.page\/fr\/#\/schema\/logo\/image\/\",\"url\":\"https:\/\/magical-murdock.212-227-230-20.plesk.page\/wp-content\/uploads\/2022\/07\/GIL.svg\",\"contentUrl\":\"https:\/\/magical-murdock.212-227-230-20.plesk.page\/wp-content\/uploads\/2022\/07\/GIL.svg\",\"width\":152,\"height\":56,\"caption\":\"Sembradoras Gil\"},\"image\":{\"@id\":\"https:\/\/magical-murdock.212-227-230-20.plesk.page\/fr\/#\/schema\/logo\/image\/\"},\"sameAs\":[\"https:\/\/www.facebook.com\/pages\/Sembradoras-Gil\/188446341205268?ref=hl\",\"https:\/\/twitter.com\/sembradorasgil\",\"https:\/\/www.youtube.com\/user\/sembradorasgil\/videos\"]}]}<\/script>\n<!-- \/ Yoast SEO plugin. -->","yoast_head_json":{"title":"Avis juridique - Sembradoras Gil","robots":{"index":"index","follow":"follow","max-snippet":"max-snippet:-1","max-image-preview":"max-image-preview:large","max-video-preview":"max-video-preview:-1"},"canonical":"https:\/\/magical-murdock.212-227-230-20.plesk.page\/fr\/avis-juridique\/","og_locale":"fr_FR","og_type":"article","og_title":"Avis juridique - Sembradoras Gil","og_description":"&nbsp; Avis juridique Informations g\u00e9n\u00e9rales Le propri\u00e9taire du site web&hellip;","og_url":"https:\/\/magical-murdock.212-227-230-20.plesk.page\/fr\/avis-juridique\/","og_site_name":"Sembradoras Gil","article_publisher":"https:\/\/www.facebook.com\/pages\/Sembradoras-Gil\/188446341205268?ref=hl","article_modified_time":"2023-03-16T09:44:15+00:00","og_image":[{"width":2200,"height":848,"url":"https:\/\/magical-murdock.212-227-230-20.plesk.page\/wp-content\/uploads\/2022\/09\/sembradoras-gil-home.jpg","type":"image\/jpeg"}],"twitter_card":"summary_large_image","twitter_site":"@sembradorasgil","twitter_misc":{"Dur\u00e9e de lecture estim\u00e9e":"2 minutes"},"schema":{"@context":"https:\/\/schema.org","@graph":[{"@type":"WebPage","@id":"https:\/\/magical-murdock.212-227-230-20.plesk.page\/fr\/avis-juridique\/","url":"https:\/\/magical-murdock.212-227-230-20.plesk.page\/fr\/avis-juridique\/","name":"Avis juridique - Sembradoras Gil","isPartOf":{"@id":"https:\/\/magical-murdock.212-227-230-20.plesk.page\/fr\/#website"},"datePublished":"2023-03-07T09:33:22+00:00","dateModified":"2023-03-16T09:44:15+00:00","breadcrumb":{"@id":"https:\/\/magical-murdock.212-227-230-20.plesk.page\/fr\/avis-juridique\/#breadcrumb"},"inLanguage":"fr-FR","potentialAction":[{"@type":"ReadAction","target":["https:\/\/magical-murdock.212-227-230-20.plesk.page\/fr\/avis-juridique\/"]}]},{"@type":"BreadcrumbList","@id":"https:\/\/magical-murdock.212-227-230-20.plesk.page\/fr\/avis-juridique\/#breadcrumb","itemListElement":[{"@type":"ListItem","position":1,"name":"Portada","item":"https:\/\/magical-murdock.212-227-230-20.plesk.page\/fr\/accueil\/"},{"@type":"ListItem","position":2,"name":"Avis juridique"}]},{"@type":"WebSite","@id":"https:\/\/magical-murdock.212-227-230-20.plesk.page\/fr\/#website","url":"https:\/\/magical-murdock.212-227-230-20.plesk.page\/fr\/","name":"Sembradoras Gil","description":"","publisher":{"@id":"https:\/\/magical-murdock.212-227-230-20.plesk.page\/fr\/#organization"},"potentialAction":[{"@type":"SearchAction","target":{"@type":"EntryPoint","urlTemplate":"https:\/\/magical-murdock.212-227-230-20.plesk.page\/fr\/?s={search_term_string}"},"query-input":"required name=search_term_string"}],"inLanguage":"fr-FR"},{"@type":"Organization","@id":"https:\/\/magical-murdock.212-227-230-20.plesk.page\/fr\/#organization","name":"Sembradoras Gil","url":"https:\/\/magical-murdock.212-227-230-20.plesk.page\/fr\/","logo":{"@type":"ImageObject","inLanguage":"fr-FR","@id":"https:\/\/magical-murdock.212-227-230-20.plesk.page\/fr\/#\/schema\/logo\/image\/","url":"https:\/\/magical-murdock.212-227-230-20.plesk.page\/wp-content\/uploads\/2022\/07\/GIL.svg","contentUrl":"https:\/\/magical-murdock.212-227-230-20.plesk.page\/wp-content\/uploads\/2022\/07\/GIL.svg","width":152,"height":56,"caption":"Sembradoras Gil"},"image":{"@id":"https:\/\/magical-murdock.212-227-230-20.plesk.page\/fr\/#\/schema\/logo\/image\/"},"sameAs":["https:\/\/www.facebook.com\/pages\/Sembradoras-Gil\/188446341205268?ref=hl","https:\/\/twitter.com\/sembradorasgil","https:\/\/www.youtube.com\/user\/sembradorasgil\/videos"]}]}},"_links":{"self":[{"href":"https:\/\/magical-murdock.212-227-230-20.plesk.page\/fr\/wp-json\/wp\/v2\/pages\/10875","targetHints":{"allow":["GET"]}}],"collection":[{"href":"https:\/\/magical-murdock.212-227-230-20.plesk.page\/fr\/wp-json\/wp\/v2\/pages"}],"about":[{"href":"https:\/\/magical-murdock.212-227-230-20.plesk.page\/fr\/wp-json\/wp\/v2\/types\/page"}],"author":[{"embeddable":true,"href":"https:\/\/magical-murdock.212-227-230-20.plesk.page\/fr\/wp-json\/wp\/v2\/users\/1"}],"replies":[{"embeddable":true,"href":"https:\/\/magical-murdock.212-227-230-20.plesk.page\/fr\/wp-json\/wp\/v2\/comments?post=10875"}],"version-history":[{"count":1,"href":"https:\/\/magical-murdock.212-227-230-20.plesk.page\/fr\/wp-json\/wp\/v2\/pages\/10875\/revisions"}],"predecessor-version":[{"id":11793,"href":"https:\/\/magical-murdock.212-227-230-20.plesk.page\/fr\/wp-json\/wp\/v2\/pages\/10875\/revisions\/11793"}],"wp:attachment":[{"href":"https:\/\/magical-murdock.212-227-230-20.plesk.page\/fr\/wp-json\/wp\/v2\/media?parent=10875"}],"curies":[{"name":"wp","href":"https:\/\/api.w.org\/{rel}","templated":true}]}}