{"id":10620,"date":"2022-10-24T09:31:22","date_gmt":"2022-10-24T09:31:22","guid":{"rendered":"https:\/\/magical-murdock.212-227-230-20.plesk.page\/politique-en-matiere-de-cookies\/"},"modified":"2023-03-16T09:48:42","modified_gmt":"2023-03-16T09:48:42","slug":"politique-de-cookies","status":"publish","type":"page","link":"https:\/\/magical-murdock.212-227-230-20.plesk.page\/fr\/politique-de-cookies\/","title":{"rendered":"Politique de cookies"},"content":{"rendered":"<h2><strong>Consentement aux cookies<sup><a href=\"#_ftn1\" name=\"_ftnref1\">[1]<\/a><\/sup><\/strong><\/h2>\n<p>&nbsp;<\/p>\n<p>Les cookies soumis \u00e0 la r\u00e9glementation sur la protection des donn\u00e9es, en l&#8217;occurrence les cookies analytiques et publicitaires, sont t\u00e9l\u00e9charg\u00e9s via le site web. \u00c0 cet \u00e9gard, le consentement au traitement de ces donn\u00e9es doit \u00eatre obtenu par un syst\u00e8me \u00e0 double niveau, comme indiqu\u00e9 ci-dessous.<\/p>\n<p>La <strong>premi\u00e8re couche<\/strong> doit contenir la demande de consentement et les informations essentielles sur les cookies, ainsi qu&#8217;un lien vers une deuxi\u00e8me couche fournissant des informations plus d\u00e9taill\u00e9es. \u00c0 cet \u00e9gard, la fen\u00eatre contextuelle suivante devrait appara\u00eetre lors du premier acc\u00e8s au site Web :<\/p>\n<p>&nbsp;<\/p>\n<p>&nbsp;<\/p>\n<table style=\"width:100%;border:1px solid black;\">\n<tr>\n<th style=\"text-align:center;\" colspan=\"3\">COOKIES DE CONSENTEMENT<\/th>\n<\/tr>\n<tr>\n<td colspan=\"3\">\n<p>\n                    Nous utilisons des cookies pour personnaliser votre contenu et cr\u00e9er une meilleure exp\u00e9rience pour vous. Nous pouvons recueillir des informations non sensibles sur votre utilisation. Vous pouvez accepter l&#8217;utilisation de cette technologie ou g\u00e9rer vos param\u00e8tres pour contr\u00f4ler pleinement les informations collect\u00e9es et trait\u00e9es. Pour plus d&#8217;informations sur nos politiques en mati\u00e8re de donn\u00e9es, veuillez consulter notre <a href=\"\/fr\/politique-de-confidentialite\/\">politique de confidentialit\u00e9<\/a>.\n                <\/p>\n<\/td>\n<\/tr>\n<tr style=\"text-align:center;\">\n<td>CONFIGURATION<\/td>\n<td >REJETER TOUT<\/td>\n<td>ACCEPTER TOUT<\/td>\n<\/tr>\n<\/table>\n<p>&nbsp;<\/p>\n<p>&nbsp;<\/p>\n<h3>Le terme <em>&#8220;Politique en mati\u00e8re de cookies&#8221;<\/em> doit \u00eatre configur\u00e9 comme un lien qui redirige l&#8217;utilisateur vers la politique en mati\u00e8re de cookies publi\u00e9e sur le site web. En revanche, les cookies analytiques ou publicitaires (et non les cookies techniques) ne peuvent \u00eatre t\u00e9l\u00e9charg\u00e9s que si l&#8217;utilisateur navigue sur le site web.<\/h3>\n<p>La <strong>deuxi\u00e8me couche<\/strong> doit expliquer plus clairement : ce que sont les cookies, quel type de cookies le site web utilise, leur objectif et, surtout, comment les pr\u00e9f\u00e9rences de l&#8217;utilisateur peuvent \u00eatre d\u00e9finies. En ce sens, la politique \u00e0 mettre en \u0153uvre sur le site web peut \u00eatre consult\u00e9e \u00e0 travers la <em>politique de cookies<\/em> contenue dans ce document.<\/p>\n<p><strong>Important : <\/strong>int\u00e9grer un panneau de configuration des cookies, afin que l&#8217;utilisateur puisse accepter ou refuser l&#8217;utilisation des cookies soumis \u00e0 la r\u00e9glementation, avec un panneau similaire \u00e0 celui propos\u00e9 dans la politique des cookies.<\/p>\n<p>&nbsp;<\/p>\n<p>&nbsp;<\/p>\n<p>Lorsque dans cette premi\u00e8re couche les utilisateurs ont cliqu\u00e9 sur <strong>PLUS D&#8217;INFORMATIONS<\/strong> Un panneau de configuration sera alors fourni pour permettre aux utilisateurs d&#8217;accepter ou de refuser l&#8217;installation de cookies, \u00e0 l&#8217;exception de ceux qui sont strictement n\u00e9cessaires, sans lesquels le site web ne fonctionnerait pas correctement ou ne permettrait pas de fournir le service demand\u00e9 par l&#8217;utilisateur. Pour cette raison, lorsque vous cliquez sur <strong>PLUS D&#8217;INFORMATIONS <\/strong>, vous verrez :<\/p>\n<p>&nbsp;<\/p>\n<table style=\"background-color:#E4E4E4;\">\n<tr>\n<td>\nLes pages web peuvent stocker ou incorporer des informations dans les navigateurs choisis, des informations sur les pr\u00e9f\u00e9rences, les utilisations, ou simplement pour am\u00e9liorer votre exp\u00e9rience sur notre site web et la rendre plus personnalis\u00e9e. Cependant, rien n&#8217;est plus important que le respect de votre vie priv\u00e9e. En cliquant, vous acceptez l&#8217;utilisation de cette technologie sur notre site web. Vous pouvez changer d&#8217;avis et personnaliser votre consentement \u00e0 tout moment en retournant sur ce site web.\n<\/td>\n<\/tr>\n<tr>\n<td><strong>Cookies techniques<\/strong><\/td>\n<td><strong>TOUJOURS ACTIV\u00c9S<\/strong><\/td>\n<\/tr>\n<\/table>\n<table style=\"background-color:#E4E4E4;\">\n<tr>\n<td>\nIls sont n\u00e9cessaires au fonctionnement du site web et, pour cette raison, ne peuvent \u00eatre d\u00e9sactiv\u00e9s. Ils ne sont g\u00e9n\u00e9ralement configur\u00e9s qu&#8217;en r\u00e9ponse aux actions que vous entreprenez lorsque vous demandez des services, comme la d\u00e9finition de vos pr\u00e9f\u00e9rences en mati\u00e8re de confidentialit\u00e9, la connexion ou le remplissage de formulaires. Vous pouvez configurer votre navigateur pour qu&#8217;il bloque ou vous signale ces cookies, mais certaines parties du site ne fonctionneront pas. Ces cookies ne stockent pas d&#8217;informations permettant d&#8217;identifier les personnes.\n<\/td>\n<\/tr>\n<tr>\n<td><strong>Cookies analytiques<\/strong><\/td>\n<td><strong>ACTIF\/NON ACTIF<\/strong><\/td>\n<\/tr>\n<\/table>\n<table style=\"background-color:#E4E4E4;\">\n<tr>\n<td>\nIl s&#8217;agit de ceux qui permettent \u00e0 la partie qui en est responsable de suivre et d&#8217;analyser le comportement des utilisateurs des sites web auxquels ils sont li\u00e9s, y compris la quantification de l&#8217;impact des publicit\u00e9s. Les informations recueillies par ce type de cookies sont utilis\u00e9es pour mesurer l&#8217;activit\u00e9 du site web, de l&#8217;application ou de la plateforme, afin d&#8217;apporter des am\u00e9liorations bas\u00e9es sur l&#8217;analyse des donn\u00e9es relatives \u00e0 l&#8217;utilisation faite par les utilisateurs du service.\n<\/td>\n<\/tr>\n<tr>\nLISTE S\u00c9PAR\u00c9E POUR LES PROPRES ET LES TIERS<\/p>\n<td><strong>Cookies fonctionnels<\/strong><\/td>\n<td><strong>ACTIF\/NON ACTIF<\/strong><\/td>\n<\/tr>\n<\/table>\n<table style=\"background-color:#E4E4E4;\">\n<tr>\n<td>\nCes cookies permettent au site web d&#8217;offrir une meilleure fonctionnalit\u00e9 et une meilleure personnalisation. Ils peuvent \u00eatre mis en place par notre soci\u00e9t\u00e9 ou par des prestataires externes dont nous avons ajout\u00e9 les services \u00e0 nos pages. Si vous n&#8217;autorisez pas l&#8217;utilisation de ces cookies, certains de ces services peuvent ne pas fonctionner correctement.\n<\/td>\n<\/tr>\n<tr>\n<td>LISTE S\u00c9PAR\u00c9E POUR LES PROPRES ET LES TIERS<\/td>\n<\/tr>\n<tr>\n<td><strong>Cookies de publicit\u00e9 comportementale<\/strong><\/td>\n<td><strong>ACTIF\/NON ACTIF<\/strong><\/td>\n<\/tr>\n<\/table>\n<table style=\"background-color:#E4E4E4;\">\n<tr>\n<td>\nLes cookies sont ceux qui stockent des informations sur le comportement des utilisateurs obtenues par l&#8217;observation continue de leurs habitudes de navigation, ce qui permet de d\u00e9velopper un profil sp\u00e9cifique afin d&#8217;afficher des publicit\u00e9s bas\u00e9es sur ce dernier.\n<\/td>\n<\/tr>\n<tr>\n<td>LISTE S\u00c9PAR\u00c9E POUR LES PROPRES ET LES TIERS<\/td>\n<\/tr>\n<tr>\n<td><strong>Confirmer mes param\u00e8tres<\/strong><\/td>\n<td><strong>Deuxi\u00e8me couche<\/strong><\/td>\n<\/tr>\n<\/table>\n<p>&nbsp;<\/p>\n<h2><a name=\"_Toc494962369\"><\/a>Politique en mati\u00e8re de cookies<\/h2>\n<p>&nbsp;<\/p>\n<p><strong>Que sont les cookies ?<\/strong><\/p>\n<p>Un cookie est un fichier ou un dispositif qui est t\u00e9l\u00e9charg\u00e9 sur l&#8217;\u00e9quipement terminal d&#8217;un utilisateur dans le but de stocker des donn\u00e9es qui peuvent \u00eatre mises \u00e0 jour et r\u00e9cup\u00e9r\u00e9es par l&#8217;entit\u00e9 responsable de son installation. Il s&#8217;agit d&#8217;un fichier qui est t\u00e9l\u00e9charg\u00e9 sur votre ordinateur lorsque vous acc\u00e9dez \u00e0 certains sites web. Les cookies permettent \u00e0 un site web, entre autres, de stocker et de r\u00e9cup\u00e9rer des informations sur les habitudes de navigation d&#8217;un utilisateur ou sur son \u00e9quipement et, en fonction des informations qu&#8217;ils contiennent et de la mani\u00e8re dont il utilise son \u00e9quipement, ils peuvent \u00eatre utilis\u00e9s pour reconna\u00eetre l&#8217;utilisateur.<\/p>\n<p><strong>Types de cookies<\/strong><\/p>\n<p>Il existe diff\u00e9rents types de cookies qui d\u00e9pendent, avant tout, de la nature de ces derniers, de sorte que les suivants, entre autres, sont class\u00e9s \u00e0 titre indicatif :<\/p>\n<p><strong>En fonction du d\u00e9lai : <\/strong><\/p>\n<ul>\n<li>Cookies de session : ils sont con\u00e7us pour collecter et stocker des donn\u00e9es pendant que l&#8217;utilisateur acc\u00e8de \u00e0 une page web. Ils sont g\u00e9n\u00e9ralement utilis\u00e9s pour stocker des informations qui ne sont pertinentes que pour la fourniture du service demand\u00e9 par l&#8217;utilisateur \u00e0 une seule occasion (par exemple, une liste de produits achet\u00e9s) et disparaissent \u00e0 la fin de la session.<\/li>\n<li>Cookies persistants : il s&#8217;agit de cookies dans lesquels les donn\u00e9es restent stock\u00e9es dans le terminal et peuvent \u00eatre consult\u00e9es et trait\u00e9es pendant une p\u00e9riode d\u00e9finie par la partie responsable du cookie, qui peut aller de quelques minutes \u00e0 plusieurs ann\u00e9es.<\/li>\n<\/ul>\n<p>&nbsp;<\/p>\n<p><strong>En fonction de leur objectif :<\/strong><\/p>\n<ul>\n<li>Cookies techniques : sont ceux qui permettent \u00e0 l&#8217;utilisateur de naviguer sur un site web, une plateforme ou une application et d&#8217;utiliser les diff\u00e9rentes options ou services qui y existent, y compris ceux que l&#8217;\u00e9diteur utilise pour permettre la gestion et le fonctionnement du site web et pour permettre ses fonctions et services (comme, par exemple, le contr\u00f4le du trafic et de la communication des donn\u00e9es, l&#8217;identification de la session, l&#8217;acc\u00e8s \u00e0 des zones \u00e0 acc\u00e8s restreint et des objectifs similaires de nature technique).<\/li>\n<li>Cookies de personnalisation : il s&#8217;agit de cookies qui permettent de m\u00e9moriser des informations afin que l&#8217;utilisateur puisse acc\u00e9der au service avec certaines caract\u00e9ristiques pouvant diff\u00e9rencier son exp\u00e9rience de celle d&#8217;autres utilisateurs, comme, par exemple, la langue, le nombre de r\u00e9sultats \u00e0 afficher lorsque l&#8217;utilisateur effectue une recherche, l&#8217;apparence ou le contenu du service en fonction du type de navigateur par lequel l&#8217;utilisateur acc\u00e8de au service ou de la r\u00e9gion depuis laquelle il acc\u00e8de au service, etc.<\/li>\n<li>Cookies d&#8217;analyse : il s&#8217;agit de cookies qui permettent \u00e0 la partie qui en est responsable de suivre et d&#8217;analyser le comportement des utilisateurs des sites web auxquels ils sont li\u00e9s, y compris la quantification de l&#8217;impact des publicit\u00e9s. Les informations collect\u00e9es par ce type de cookie sont utilis\u00e9es pour mesurer l&#8217;activit\u00e9 du site web, de l&#8217;application ou de la plateforme afin d&#8217;apporter des am\u00e9liorations bas\u00e9es sur l&#8217;analyse des donn\u00e9es relatives \u00e0 l&#8217;utilisation faite par les utilisateurs du service.<\/li>\n<li>Cookies de publicit\u00e9 comportementale : ce sont des cookies qui stockent des informations sur le comportement des utilisateurs obtenues par l&#8217;observation continue de leurs habitudes de navigation, ce qui permet de d\u00e9velopper un profil sp\u00e9cifique afin d&#8217;afficher des publicit\u00e9s bas\u00e9es sur ce dernier.<\/li>\n<\/ul>\n<p><strong>En fonction de l&#8217;entit\u00e9 qui les g\u00e8re : <\/strong><\/p>\n<ul>\n<li>Cookies propres : ce sont ceux qui sont envoy\u00e9s \u00e0 l&#8217;\u00e9quipement terminal de l&#8217;utilisateur depuis un ordinateur ou un domaine g\u00e9r\u00e9 par l&#8217;\u00e9diteur lui-m\u00eame et \u00e0 partir duquel le service demand\u00e9 par l&#8217;utilisateur est fourni.<\/li>\n<li>Cookies tiers : ceux qui sont envoy\u00e9s \u00e0 l&#8217;\u00e9quipement terminal de l&#8217;utilisateur depuis un ordinateur ou un domaine qui n&#8217;est pas g\u00e9r\u00e9 par l&#8217;\u00e9diteur, mais par une autre entit\u00e9 qui traite les donn\u00e9es obtenues par le biais des cookies.<\/li>\n<\/ul>\n<p><strong>Quel type de cookies ce site web utilise-t-il ?<\/strong><\/p>\n<p>Ce site web utilise des cookies pour faciliter l&#8217;utilisation et la navigation des utilisateurs sur le site, pour garantir l&#8217;acc\u00e8s \u00e0 certains services et pour am\u00e9liorer la configuration fonctionnelle du site web.<\/p>\n<p>Plus pr\u00e9cis\u00e9ment, ce site web utilise les cookies suivants :<\/p>\n<table width=\"100%\">\n<tbody>\n<tr style=\"background-color: #365f91; color: white; text-align: center;\">\n<td colspan=\"4\" width=\"567\"><strong>R\u00e9sum\u00e9 des cookies<\/strong><\/td>\n<\/tr>\n<tr>\n<td style=\"background-color: #bfbfbf; color: #767676; text-align: center;\" width=\"125\">Type<\/td>\n<td style=\"background-color: #bfbfbf; color: #767676; text-align: center;\" width=\"139\">Nom<\/td>\n<td style=\"background-color: #bfbfbf; color: #767676; text-align: center;\" width=\"158\">Sessional\/Persistent<\/td>\n<td style=\"background-color: #bfbfbf; color: #767676; text-align: center;\" width=\"144\">Propres\/Tiers<\/td>\n<\/tr>\n<\/tbody>\n<\/table>\n<p>&nbsp;<\/p>\n<p><strong>Comment puis-je g\u00e9rer mes param\u00e8tres de cookies ?<\/strong><\/p>\n<p>Cette section fournit une br\u00e8ve explication sur la mani\u00e8re de consulter et de configurer le syst\u00e8me de cookies en fonction des navigateurs les plus utilis\u00e9s par les utilisateurs.<\/p>\n<p>En ce sens, pratiquement tous les navigateurs permettent \u00e0 l&#8217;utilisateur d&#8217;obtenir des informations g\u00e9n\u00e9rales sur les cookies install\u00e9s sur un site web, notamment pour v\u00e9rifier leur existence, leur dur\u00e9e ou le syst\u00e8me de suppression. \u00c0 cet \u00e9gard, un certain nombre de liens connexes sont fournis \u00e0 titre d&#8217;information :<\/p>\n<ul>\n<li><a href=\"https:\/\/support.google.com\/chrome\/answer\/95647?hl=es\">Google Chrome<\/a><\/li>\n<li><a href=\"https:\/\/support.mozilla.org\/es\/kb\/cookies-informacion-que-los-sitios-web-guardan-en-\">Mozilla Firefox<\/a><\/li>\n<li><a href=\"http:\/\/windows.microsoft.com\/es-es\/windows7\/how-to-manage-cookies-in-internet-explorer-9\">Internet Explorer<\/a><\/li>\n<li><a href=\"http:\/\/support.apple.com\/kb\/ph5042\">Safari<\/a><\/li>\n<\/ul>\n<p>D&#8217;autre part, l&#8217;utilisateur peut autoriser, bloquer ou supprimer les cookies install\u00e9s sur son \u00e9quipement en modifiant la configuration de son navigateur conform\u00e9ment aux instructions qui y sont indiqu\u00e9es. \u00c0 titre d&#8217;information, il est indiqu\u00e9 que la configuration des cookies est g\u00e9n\u00e9ralement effectu\u00e9e dans le menu &#8220;Pr\u00e9f\u00e9rences&#8221; ou &#8220;Outils&#8221; de chaque navigateur, dans tous les cas, vous pouvez toujours aller \u00e0 l&#8217;aide de votre navigateur pour r\u00e9soudre ou r\u00e9soudre les doutes qui peuvent survenir \u00e0 cet \u00e9gard.<\/p>\n<p>Il convient de noter que si l&#8217;installation de tous les cookies est emp\u00each\u00e9e, le contenu du site web ainsi que certaines fonctionnalit\u00e9s et services fournis par ce dernier peuvent \u00eatre affect\u00e9s.<\/p>\n<p><strong>Transferts internationaux de cookies (s&#8217;ils sont effectu\u00e9s)<\/strong><\/p>\n<p>Vous pouvez vous renseigner sur les transferts vers des pays tiers qui, le cas \u00e9ch\u00e9ant, sont effectu\u00e9s par les tiers identifi\u00e9s dans la pr\u00e9sente politique en mati\u00e8re de cookies dans leurs politiques correspondantes en mati\u00e8re de Cookies (voir les liens fournis dans la section &#8220;Cookies de tiers&#8221;).<\/p>\n<p><strong>Profilage (si effectu\u00e9)<\/strong><\/p>\n<p>Dans ce cas, des profils sont \u00e9tablis qui peuvent impliquer des d\u00e9cisions automatis\u00e9es avec des effets juridiques possibles ou des cons\u00e9quences similaires. \u00c0 cet effet, nous utilisons les crit\u00e8res d&#8217;application suivants dans le processus de profilage : (ins\u00e9rer les crit\u00e8res de profilage)<\/p>\n<p><strong>P\u00e9riode de conservation<\/strong><\/p>\n<p>La conservation des donn\u00e9es collect\u00e9es \u00e0 travers les cookies sera li\u00e9e \u00e0 la finalit\u00e9 pour laquelle elles sont collect\u00e9es, sans pr\u00e9judice de ce qui est l\u00e9galement \u00e9tabli.<\/p>\n<p>Pour plus d&#8217;informations sur le traitement des donn\u00e9es personnelles, vous pouvez consulter notre <strong><br \/>\n<em><br \/>\n<u>politique de confidentialit\u00e9<\/u><br \/>\n<\/em><br \/>\n<\/strong><\/p>\n<p>[<a href=\"#_ftnref1\" name=\"_ftn1\">1<\/a> ] Le guillemet &#8220;Politique de confidentialit\u00e9&#8221; dans la banni\u00e8re doit \u00eatre configur\u00e9 de telle sorte qu&#8217;il constitue un lien menant \u00e0 la deuxi\u00e8me couche, qui sera la politique de confidentialit\u00e9. De m\u00eame, en cliquant sur le bouton &#8220;PLUS D&#8217;INFORMATIONS&#8221;, on acc\u00e8de \u00e0 une deuxi\u00e8me couche. Dans le cas o\u00f9 la finalit\u00e9 sp\u00e9cifique du traitement des cookies ne co\u00efncide pas avec celle indiqu\u00e9e dans la clause, elle doit \u00eatre adapt\u00e9e au cas concret. Et ce n&#8217;est qu&#8217;en cliquant sur le bouton J&#8217;accepte ou plus d&#8217;informations que cet avertissement dispara\u00eetra.<\/p>\n","protected":false},"excerpt":{"rendered":"<p>Consentement aux cookies[1] &nbsp; Les cookies soumis \u00e0 la r\u00e9glementation&hellip;<\/p>\n","protected":false},"author":1,"featured_media":0,"parent":0,"menu_order":0,"comment_status":"closed","ping_status":"closed","template":"","meta":{"inline_featured_image":false,"footnotes":""},"class_list":["post-10620","page","type-page","status-publish","hentry","description-off"],"acf":[],"yoast_head":"<!-- This site is optimized with the Yoast SEO plugin v20.3 - https:\/\/yoast.com\/wordpress\/plugins\/seo\/ -->\n<title>Politique de cookies - Sembradoras Gil<\/title>\n<meta name=\"robots\" content=\"index, follow, max-snippet:-1, max-image-preview:large, max-video-preview:-1\" \/>\n<link rel=\"canonical\" href=\"https:\/\/magical-murdock.212-227-230-20.plesk.page\/fr\/politique-de-cookies\/\" \/>\n<meta property=\"og:locale\" content=\"fr_FR\" \/>\n<meta property=\"og:type\" content=\"article\" \/>\n<meta property=\"og:title\" content=\"Politique de cookies - Sembradoras Gil\" \/>\n<meta property=\"og:description\" content=\"Consentement aux cookies[1] &nbsp; Les cookies soumis \u00e0 la r\u00e9glementation&hellip;\" \/>\n<meta property=\"og:url\" content=\"https:\/\/magical-murdock.212-227-230-20.plesk.page\/fr\/politique-de-cookies\/\" \/>\n<meta property=\"og:site_name\" content=\"Sembradoras Gil\" \/>\n<meta property=\"article:publisher\" content=\"https:\/\/www.facebook.com\/pages\/Sembradoras-Gil\/188446341205268?ref=hl\" \/>\n<meta property=\"article:modified_time\" content=\"2023-03-16T09:48:42+00:00\" \/>\n<meta property=\"og:image\" content=\"https:\/\/magical-murdock.212-227-230-20.plesk.page\/wp-content\/uploads\/2022\/09\/sembradoras-gil-home.jpg\" \/>\n\t<meta property=\"og:image:width\" content=\"2200\" \/>\n\t<meta property=\"og:image:height\" content=\"848\" \/>\n\t<meta property=\"og:image:type\" content=\"image\/jpeg\" \/>\n<meta name=\"twitter:card\" content=\"summary_large_image\" \/>\n<meta name=\"twitter:site\" content=\"@sembradorasgil\" \/>\n<meta name=\"twitter:label1\" content=\"Dur\u00e9e de lecture estim\u00e9e\" \/>\n\t<meta name=\"twitter:data1\" content=\"9 minutes\" \/>\n<script type=\"application\/ld+json\" class=\"yoast-schema-graph\">{\"@context\":\"https:\/\/schema.org\",\"@graph\":[{\"@type\":\"WebPage\",\"@id\":\"https:\/\/magical-murdock.212-227-230-20.plesk.page\/fr\/politique-de-cookies\/\",\"url\":\"https:\/\/magical-murdock.212-227-230-20.plesk.page\/fr\/politique-de-cookies\/\",\"name\":\"Politique de cookies - Sembradoras Gil\",\"isPartOf\":{\"@id\":\"https:\/\/magical-murdock.212-227-230-20.plesk.page\/fr\/#website\"},\"datePublished\":\"2022-10-24T09:31:22+00:00\",\"dateModified\":\"2023-03-16T09:48:42+00:00\",\"breadcrumb\":{\"@id\":\"https:\/\/magical-murdock.212-227-230-20.plesk.page\/fr\/politique-de-cookies\/#breadcrumb\"},\"inLanguage\":\"fr-FR\",\"potentialAction\":[{\"@type\":\"ReadAction\",\"target\":[\"https:\/\/magical-murdock.212-227-230-20.plesk.page\/fr\/politique-de-cookies\/\"]}]},{\"@type\":\"BreadcrumbList\",\"@id\":\"https:\/\/magical-murdock.212-227-230-20.plesk.page\/fr\/politique-de-cookies\/#breadcrumb\",\"itemListElement\":[{\"@type\":\"ListItem\",\"position\":1,\"name\":\"Portada\",\"item\":\"https:\/\/magical-murdock.212-227-230-20.plesk.page\/fr\/accueil\/\"},{\"@type\":\"ListItem\",\"position\":2,\"name\":\"Politique de cookies\"}]},{\"@type\":\"WebSite\",\"@id\":\"https:\/\/magical-murdock.212-227-230-20.plesk.page\/fr\/#website\",\"url\":\"https:\/\/magical-murdock.212-227-230-20.plesk.page\/fr\/\",\"name\":\"Sembradoras Gil\",\"description\":\"\",\"publisher\":{\"@id\":\"https:\/\/magical-murdock.212-227-230-20.plesk.page\/fr\/#organization\"},\"potentialAction\":[{\"@type\":\"SearchAction\",\"target\":{\"@type\":\"EntryPoint\",\"urlTemplate\":\"https:\/\/magical-murdock.212-227-230-20.plesk.page\/fr\/?s={search_term_string}\"},\"query-input\":\"required name=search_term_string\"}],\"inLanguage\":\"fr-FR\"},{\"@type\":\"Organization\",\"@id\":\"https:\/\/magical-murdock.212-227-230-20.plesk.page\/fr\/#organization\",\"name\":\"Sembradoras Gil\",\"url\":\"https:\/\/magical-murdock.212-227-230-20.plesk.page\/fr\/\",\"logo\":{\"@type\":\"ImageObject\",\"inLanguage\":\"fr-FR\",\"@id\":\"https:\/\/magical-murdock.212-227-230-20.plesk.page\/fr\/#\/schema\/logo\/image\/\",\"url\":\"https:\/\/magical-murdock.212-227-230-20.plesk.page\/wp-content\/uploads\/2022\/07\/GIL.svg\",\"contentUrl\":\"https:\/\/magical-murdock.212-227-230-20.plesk.page\/wp-content\/uploads\/2022\/07\/GIL.svg\",\"width\":152,\"height\":56,\"caption\":\"Sembradoras Gil\"},\"image\":{\"@id\":\"https:\/\/magical-murdock.212-227-230-20.plesk.page\/fr\/#\/schema\/logo\/image\/\"},\"sameAs\":[\"https:\/\/www.facebook.com\/pages\/Sembradoras-Gil\/188446341205268?ref=hl\",\"https:\/\/twitter.com\/sembradorasgil\",\"https:\/\/www.youtube.com\/user\/sembradorasgil\/videos\"]}]}<\/script>\n<!-- \/ Yoast SEO plugin. -->","yoast_head_json":{"title":"Politique de cookies - Sembradoras Gil","robots":{"index":"index","follow":"follow","max-snippet":"max-snippet:-1","max-image-preview":"max-image-preview:large","max-video-preview":"max-video-preview:-1"},"canonical":"https:\/\/magical-murdock.212-227-230-20.plesk.page\/fr\/politique-de-cookies\/","og_locale":"fr_FR","og_type":"article","og_title":"Politique de cookies - Sembradoras Gil","og_description":"Consentement aux cookies[1] &nbsp; Les cookies soumis \u00e0 la r\u00e9glementation&hellip;","og_url":"https:\/\/magical-murdock.212-227-230-20.plesk.page\/fr\/politique-de-cookies\/","og_site_name":"Sembradoras Gil","article_publisher":"https:\/\/www.facebook.com\/pages\/Sembradoras-Gil\/188446341205268?ref=hl","article_modified_time":"2023-03-16T09:48:42+00:00","og_image":[{"width":2200,"height":848,"url":"https:\/\/magical-murdock.212-227-230-20.plesk.page\/wp-content\/uploads\/2022\/09\/sembradoras-gil-home.jpg","type":"image\/jpeg"}],"twitter_card":"summary_large_image","twitter_site":"@sembradorasgil","twitter_misc":{"Dur\u00e9e de lecture estim\u00e9e":"9 minutes"},"schema":{"@context":"https:\/\/schema.org","@graph":[{"@type":"WebPage","@id":"https:\/\/magical-murdock.212-227-230-20.plesk.page\/fr\/politique-de-cookies\/","url":"https:\/\/magical-murdock.212-227-230-20.plesk.page\/fr\/politique-de-cookies\/","name":"Politique de cookies - Sembradoras Gil","isPartOf":{"@id":"https:\/\/magical-murdock.212-227-230-20.plesk.page\/fr\/#website"},"datePublished":"2022-10-24T09:31:22+00:00","dateModified":"2023-03-16T09:48:42+00:00","breadcrumb":{"@id":"https:\/\/magical-murdock.212-227-230-20.plesk.page\/fr\/politique-de-cookies\/#breadcrumb"},"inLanguage":"fr-FR","potentialAction":[{"@type":"ReadAction","target":["https:\/\/magical-murdock.212-227-230-20.plesk.page\/fr\/politique-de-cookies\/"]}]},{"@type":"BreadcrumbList","@id":"https:\/\/magical-murdock.212-227-230-20.plesk.page\/fr\/politique-de-cookies\/#breadcrumb","itemListElement":[{"@type":"ListItem","position":1,"name":"Portada","item":"https:\/\/magical-murdock.212-227-230-20.plesk.page\/fr\/accueil\/"},{"@type":"ListItem","position":2,"name":"Politique de cookies"}]},{"@type":"WebSite","@id":"https:\/\/magical-murdock.212-227-230-20.plesk.page\/fr\/#website","url":"https:\/\/magical-murdock.212-227-230-20.plesk.page\/fr\/","name":"Sembradoras Gil","description":"","publisher":{"@id":"https:\/\/magical-murdock.212-227-230-20.plesk.page\/fr\/#organization"},"potentialAction":[{"@type":"SearchAction","target":{"@type":"EntryPoint","urlTemplate":"https:\/\/magical-murdock.212-227-230-20.plesk.page\/fr\/?s={search_term_string}"},"query-input":"required name=search_term_string"}],"inLanguage":"fr-FR"},{"@type":"Organization","@id":"https:\/\/magical-murdock.212-227-230-20.plesk.page\/fr\/#organization","name":"Sembradoras Gil","url":"https:\/\/magical-murdock.212-227-230-20.plesk.page\/fr\/","logo":{"@type":"ImageObject","inLanguage":"fr-FR","@id":"https:\/\/magical-murdock.212-227-230-20.plesk.page\/fr\/#\/schema\/logo\/image\/","url":"https:\/\/magical-murdock.212-227-230-20.plesk.page\/wp-content\/uploads\/2022\/07\/GIL.svg","contentUrl":"https:\/\/magical-murdock.212-227-230-20.plesk.page\/wp-content\/uploads\/2022\/07\/GIL.svg","width":152,"height":56,"caption":"Sembradoras Gil"},"image":{"@id":"https:\/\/magical-murdock.212-227-230-20.plesk.page\/fr\/#\/schema\/logo\/image\/"},"sameAs":["https:\/\/www.facebook.com\/pages\/Sembradoras-Gil\/188446341205268?ref=hl","https:\/\/twitter.com\/sembradorasgil","https:\/\/www.youtube.com\/user\/sembradorasgil\/videos"]}]}},"_links":{"self":[{"href":"https:\/\/magical-murdock.212-227-230-20.plesk.page\/fr\/wp-json\/wp\/v2\/pages\/10620","targetHints":{"allow":["GET"]}}],"collection":[{"href":"https:\/\/magical-murdock.212-227-230-20.plesk.page\/fr\/wp-json\/wp\/v2\/pages"}],"about":[{"href":"https:\/\/magical-murdock.212-227-230-20.plesk.page\/fr\/wp-json\/wp\/v2\/types\/page"}],"author":[{"embeddable":true,"href":"https:\/\/magical-murdock.212-227-230-20.plesk.page\/fr\/wp-json\/wp\/v2\/users\/1"}],"replies":[{"embeddable":true,"href":"https:\/\/magical-murdock.212-227-230-20.plesk.page\/fr\/wp-json\/wp\/v2\/comments?post=10620"}],"version-history":[{"count":9,"href":"https:\/\/magical-murdock.212-227-230-20.plesk.page\/fr\/wp-json\/wp\/v2\/pages\/10620\/revisions"}],"predecessor-version":[{"id":12000,"href":"https:\/\/magical-murdock.212-227-230-20.plesk.page\/fr\/wp-json\/wp\/v2\/pages\/10620\/revisions\/12000"}],"wp:attachment":[{"href":"https:\/\/magical-murdock.212-227-230-20.plesk.page\/fr\/wp-json\/wp\/v2\/media?parent=10620"}],"curies":[{"name":"wp","href":"https:\/\/api.w.org\/{rel}","templated":true}]}}